{"id":998,"date":"2021-07-22T08:47:38","date_gmt":"2021-07-22T08:47:38","guid":{"rendered":"https:\/\/toscano.ma\/?page_id=998"},"modified":"2024-03-31T01:03:57","modified_gmt":"2024-03-31T01:03:57","slug":"checkout","status":"publish","type":"page","link":"https:\/\/toscano.ma\/fr\/checkout\/","title":{"rendered":"Confirmation de la Commande"},"content":{"rendered":"<div class=\"woocommerce\"><\/div>","protected":false},"excerpt":{"rendered":"","protected":false},"author":1,"featured_media":0,"parent":0,"menu_order":0,"comment_status":"closed","ping_status":"closed","template":"","meta":{"_monsterinsights_skip_tracking":false,"_monsterinsights_sitenote_active":false,"_monsterinsights_sitenote_note":"","_monsterinsights_sitenote_category":0,"site-sidebar-layout":"default","site-content-layout":"","ast-site-content-layout":"default","site-content-style":"default","site-sidebar-style":"default","ast-global-header-display":"","ast-banner-title-visibility":"","ast-main-header-display":"","ast-hfb-above-header-display":"","ast-hfb-below-header-display":"","ast-hfb-mobile-header-display":"","site-post-title":"","ast-breadcrumbs-content":"","ast-featured-img":"","footer-sml-layout":"","theme-transparent-header-meta":"default","adv-header-id-meta":"","stick-header-meta":"","header-above-stick-meta":"","header-main-stick-meta":"","header-below-stick-meta":"","astra-migrate-meta-layouts":"set","ast-page-background-enabled":"default","ast-page-background-meta":{"desktop":{"background-color":"","background-image":"","background-repeat":"repeat","background-position":"center center","background-size":"auto","background-attachment":"scroll","background-type":"","background-media":"","overlay-type":"","overlay-color":"","overlay-opacity":"","overlay-gradient":""},"tablet":{"background-color":"","background-image":"","background-repeat":"repeat","background-position":"center center","background-size":"auto","background-attachment":"scroll","background-type":"","background-media":"","overlay-type":"","overlay-color":"","overlay-opacity":"","overlay-gradient":""},"mobile":{"background-color":"","background-image":"","background-repeat":"repeat","background-position":"center center","background-size":"auto","background-attachment":"scroll","background-type":"","background-media":"","overlay-type":"","overlay-color":"","overlay-opacity":"","overlay-gradient":""}},"ast-content-background-meta":{"desktop":{"background-color":"var(--ast-global-color-5)","background-image":"","background-repeat":"repeat","background-position":"center center","background-size":"auto","background-attachment":"scroll","background-type":"","background-media":"","overlay-type":"","overlay-color":"","overlay-opacity":"","overlay-gradient":""},"tablet":{"background-color":"var(--ast-global-color-5)","background-image":"","background-repeat":"repeat","background-position":"center center","background-size":"auto","background-attachment":"scroll","background-type":"","background-media":"","overlay-type":"","overlay-color":"","overlay-opacity":"","overlay-gradient":""},"mobile":{"background-color":"var(--ast-global-color-5)","background-image":"","background-repeat":"repeat","background-position":"center center","background-size":"auto","background-attachment":"scroll","background-type":"","background-media":"","overlay-type":"","overlay-color":"","overlay-opacity":"","overlay-gradient":""}},"footnotes":""},"class_list":["post-998","page","type-page","status-publish","hentry"],"yoast_head":"<!-- This site is optimized with the Yoast SEO plugin v26.0 - https:\/\/yoast.com\/wordpress\/plugins\/seo\/ -->\n<title>Chaussures de Qualit\u00e9 en Cuir pour Hommes<\/title>\n<meta name=\"description\" content=\"Chaussures de Qualit\u00e9 en Cuir V\u00e9ritable pour Hommes, pour toutes les occasions \u0623\u062d\u0630\u064a\u0629 \u0639\u0627\u0644\u064a\u0629 \u0627\u0644\u062c\u0648\u062f\u0629 \u0645\u0646 \u062c\u0644\u062f \u0637\u0628\u064a\u0639\u064a \u0644\u0644\u0631\u062c\u0627\u0644\" \/>\n<meta name=\"robots\" content=\"index, follow, max-snippet:-1, max-image-preview:large, max-video-preview:-1\" \/>\n<link rel=\"canonical\" href=\"https:\/\/toscano.ma\/fr\/checkout\/\" \/>\n<meta property=\"og:locale\" content=\"fr_FR\" \/>\n<meta property=\"og:type\" content=\"article\" \/>\n<meta property=\"og:title\" content=\"Chaussures de Qualit\u00e9 en Cuir pour Hommes\" \/>\n<meta property=\"og:description\" content=\"Chaussures de Qualit\u00e9 en Cuir V\u00e9ritable pour Hommes, pour toutes les occasions \u0623\u062d\u0630\u064a\u0629 \u0639\u0627\u0644\u064a\u0629 \u0627\u0644\u062c\u0648\u062f\u0629 \u0645\u0646 \u062c\u0644\u062f \u0637\u0628\u064a\u0639\u064a \u0644\u0644\u0631\u062c\u0627\u0644\" \/>\n<meta property=\"og:url\" content=\"https:\/\/toscano.ma\/fr\/checkout\/\" \/>\n<meta property=\"og:site_name\" content=\"TOSCANO SHOES\" \/>\n<meta property=\"article:modified_time\" content=\"2024-03-31T01:03:57+00:00\" \/>\n<meta name=\"twitter:card\" content=\"summary_large_image\" \/>\n<meta name=\"twitter:label1\" content=\"Dur\u00e9e de lecture estim\u00e9e\" \/>\n\t<meta name=\"twitter:data1\" content=\"1 minute\" \/>\n<script type=\"application\/ld+json\" class=\"yoast-schema-graph\">{\"@context\":\"https:\/\/schema.org\",\"@graph\":[{\"@type\":\"WebPage\",\"@id\":\"https:\/\/toscano.ma\/checkout\/\",\"url\":\"https:\/\/toscano.ma\/checkout\/\",\"name\":\"Chaussures de Qualit\u00e9 en Cuir pour Hommes\",\"isPartOf\":{\"@id\":\"https:\/\/toscano.ma\/#website\"},\"datePublished\":\"2021-07-22T08:47:38+00:00\",\"dateModified\":\"2024-03-31T01:03:57+00:00\",\"description\":\"Chaussures de Qualit\u00e9 en Cuir V\u00e9ritable pour Hommes, pour toutes les occasions \u0623\u062d\u0630\u064a\u0629 \u0639\u0627\u0644\u064a\u0629 \u0627\u0644\u062c\u0648\u062f\u0629 \u0645\u0646 \u062c\u0644\u062f \u0637\u0628\u064a\u0639\u064a \u0644\u0644\u0631\u062c\u0627\u0644\",\"breadcrumb\":{\"@id\":\"https:\/\/toscano.ma\/checkout\/#breadcrumb\"},\"inLanguage\":\"fr-FR\",\"potentialAction\":[{\"@type\":\"ReadAction\",\"target\":[\"https:\/\/toscano.ma\/checkout\/\"]}]},{\"@type\":\"BreadcrumbList\",\"@id\":\"https:\/\/toscano.ma\/checkout\/#breadcrumb\",\"itemListElement\":[{\"@type\":\"ListItem\",\"position\":1,\"name\":\"Home\",\"item\":\"https:\/\/toscano.ma\/\"},{\"@type\":\"ListItem\",\"position\":2,\"name\":\"Checkout\"}]},{\"@type\":\"WebSite\",\"@id\":\"https:\/\/toscano.ma\/#website\",\"url\":\"https:\/\/toscano.ma\/\",\"name\":\"TOSCANO SHOES\",\"description\":\"Just another Fashion Designer Template\",\"publisher\":{\"@id\":\"https:\/\/toscano.ma\/#organization\"},\"potentialAction\":[{\"@type\":\"SearchAction\",\"target\":{\"@type\":\"EntryPoint\",\"urlTemplate\":\"https:\/\/toscano.ma\/?s={search_term_string}\"},\"query-input\":{\"@type\":\"PropertyValueSpecification\",\"valueRequired\":true,\"valueName\":\"search_term_string\"}}],\"inLanguage\":\"fr-FR\"},{\"@type\":\"Organization\",\"@id\":\"https:\/\/toscano.ma\/#organization\",\"name\":\"TOSCANO SHOES\",\"url\":\"https:\/\/toscano.ma\/\",\"logo\":{\"@type\":\"ImageObject\",\"inLanguage\":\"fr-FR\",\"@id\":\"https:\/\/toscano.ma\/#\/schema\/logo\/image\/\",\"url\":\"https:\/\/toscano.ma\/wp-content\/uploads\/2024\/10\/cropped-LOGO-NOIR-SANS-FOND.png\",\"contentUrl\":\"https:\/\/toscano.ma\/wp-content\/uploads\/2024\/10\/cropped-LOGO-NOIR-SANS-FOND.png\",\"width\":353,\"height\":118,\"caption\":\"TOSCANO SHOES\"},\"image\":{\"@id\":\"https:\/\/toscano.ma\/#\/schema\/logo\/image\/\"}}]}<\/script>\n<!-- \/ Yoast SEO plugin. -->","yoast_head_json":{"title":"Chaussures de Qualit\u00e9 en Cuir pour Hommes","description":"Chaussures de Qualit\u00e9 en Cuir V\u00e9ritable pour Hommes, pour toutes les occasions \u0623\u062d\u0630\u064a\u0629 \u0639\u0627\u0644\u064a\u0629 \u0627\u0644\u062c\u0648\u062f\u0629 \u0645\u0646 \u062c\u0644\u062f \u0637\u0628\u064a\u0639\u064a \u0644\u0644\u0631\u062c\u0627\u0644","robots":{"index":"index","follow":"follow","max-snippet":"max-snippet:-1","max-image-preview":"max-image-preview:large","max-video-preview":"max-video-preview:-1"},"canonical":"https:\/\/toscano.ma\/fr\/checkout\/","og_locale":"fr_FR","og_type":"article","og_title":"Chaussures de Qualit\u00e9 en Cuir pour Hommes","og_description":"Chaussures de Qualit\u00e9 en Cuir V\u00e9ritable pour Hommes, pour toutes les occasions \u0623\u062d\u0630\u064a\u0629 \u0639\u0627\u0644\u064a\u0629 \u0627\u0644\u062c\u0648\u062f\u0629 \u0645\u0646 \u062c\u0644\u062f \u0637\u0628\u064a\u0639\u064a \u0644\u0644\u0631\u062c\u0627\u0644","og_url":"https:\/\/toscano.ma\/fr\/checkout\/","og_site_name":"TOSCANO SHOES","article_modified_time":"2024-03-31T01:03:57+00:00","twitter_card":"summary_large_image","twitter_misc":{"Dur\u00e9e de lecture estim\u00e9e":"1 minute"},"schema":{"@context":"https:\/\/schema.org","@graph":[{"@type":"WebPage","@id":"https:\/\/toscano.ma\/checkout\/","url":"https:\/\/toscano.ma\/checkout\/","name":"Chaussures de Qualit\u00e9 en Cuir pour Hommes","isPartOf":{"@id":"https:\/\/toscano.ma\/#website"},"datePublished":"2021-07-22T08:47:38+00:00","dateModified":"2024-03-31T01:03:57+00:00","description":"Chaussures de Qualit\u00e9 en Cuir V\u00e9ritable pour Hommes, pour toutes les occasions \u0623\u062d\u0630\u064a\u0629 \u0639\u0627\u0644\u064a\u0629 \u0627\u0644\u062c\u0648\u062f\u0629 \u0645\u0646 \u062c\u0644\u062f \u0637\u0628\u064a\u0639\u064a \u0644\u0644\u0631\u062c\u0627\u0644","breadcrumb":{"@id":"https:\/\/toscano.ma\/checkout\/#breadcrumb"},"inLanguage":"fr-FR","potentialAction":[{"@type":"ReadAction","target":["https:\/\/toscano.ma\/checkout\/"]}]},{"@type":"BreadcrumbList","@id":"https:\/\/toscano.ma\/checkout\/#breadcrumb","itemListElement":[{"@type":"ListItem","position":1,"name":"Home","item":"https:\/\/toscano.ma\/"},{"@type":"ListItem","position":2,"name":"Checkout"}]},{"@type":"WebSite","@id":"https:\/\/toscano.ma\/#website","url":"https:\/\/toscano.ma\/","name":"TOSCANO SHOES","description":"Just another Fashion Designer Template","publisher":{"@id":"https:\/\/toscano.ma\/#organization"},"potentialAction":[{"@type":"SearchAction","target":{"@type":"EntryPoint","urlTemplate":"https:\/\/toscano.ma\/?s={search_term_string}"},"query-input":{"@type":"PropertyValueSpecification","valueRequired":true,"valueName":"search_term_string"}}],"inLanguage":"fr-FR"},{"@type":"Organization","@id":"https:\/\/toscano.ma\/#organization","name":"TOSCANO SHOES","url":"https:\/\/toscano.ma\/","logo":{"@type":"ImageObject","inLanguage":"fr-FR","@id":"https:\/\/toscano.ma\/#\/schema\/logo\/image\/","url":"https:\/\/toscano.ma\/wp-content\/uploads\/2024\/10\/cropped-LOGO-NOIR-SANS-FOND.png","contentUrl":"https:\/\/toscano.ma\/wp-content\/uploads\/2024\/10\/cropped-LOGO-NOIR-SANS-FOND.png","width":353,"height":118,"caption":"TOSCANO SHOES"},"image":{"@id":"https:\/\/toscano.ma\/#\/schema\/logo\/image\/"}}]}},"_links":{"self":[{"href":"https:\/\/toscano.ma\/fr\/wp-json\/wp\/v2\/pages\/998","targetHints":{"allow":["GET"]}}],"collection":[{"href":"https:\/\/toscano.ma\/fr\/wp-json\/wp\/v2\/pages"}],"about":[{"href":"https:\/\/toscano.ma\/fr\/wp-json\/wp\/v2\/types\/page"}],"author":[{"embeddable":true,"href":"https:\/\/toscano.ma\/fr\/wp-json\/wp\/v2\/users\/1"}],"replies":[{"embeddable":true,"href":"https:\/\/toscano.ma\/fr\/wp-json\/wp\/v2\/comments?post=998"}],"version-history":[{"count":1,"href":"https:\/\/toscano.ma\/fr\/wp-json\/wp\/v2\/pages\/998\/revisions"}],"predecessor-version":[{"id":2396,"href":"https:\/\/toscano.ma\/fr\/wp-json\/wp\/v2\/pages\/998\/revisions\/2396"}],"wp:attachment":[{"href":"https:\/\/toscano.ma\/fr\/wp-json\/wp\/v2\/media?parent=998"}],"curies":[{"name":"wp","href":"https:\/\/api.w.org\/{rel}","templated":true}]}}