{"id":4513,"date":"2025-01-02T00:52:55","date_gmt":"2025-01-02T00:52:55","guid":{"rendered":"https:\/\/toscano.ma\/?post_type=product&#038;p=4513"},"modified":"2025-07-28T17:31:59","modified_gmt":"2025-07-28T17:31:59","slug":"chaussures-type-medicales-en-cuir-noir-ref-rs-07","status":"publish","type":"product","link":"https:\/\/toscano.ma\/fr\/produit\/chaussures-type-medicales-en-cuir-noir-ref-rs-07\/","title":{"rendered":"Chaussures  Confort en Cuir Noir (R\u00e9f RS 07)"},"content":{"rendered":"<p data-sourcepos=\"17:1-17:385\"><strong>Con\u00e7ues pour un confort in\u00e9gal\u00e9, ces chaussures <\/strong>\u00a0allient \u00e9l\u00e9gance et fonctionnalit\u00e9. Leur <strong>dessus en cuir de veau noir grain\u00e9 de premier choix<\/strong> offre une r\u00e9sistance exceptionnelle tout en assurant une souplesse incomparable.\u00a0 \u00c0 l&#8217;int\u00e9rieur, une <strong>doublure en cuir de veau tr\u00e8s souple<\/strong> et une <strong>premi\u00e8re de propret\u00e9 en cuir rembourr\u00e9e<\/strong> enveloppent d\u00e9licatement le pied.<\/p>\n<p data-sourcepos=\"19:1-19:331\">La <strong>semelle EVA ultra-l\u00e9g\u00e8re et amortissante<\/strong> absorbe les chocs et r\u00e9duit la fatigue, tandis que le <strong>syst\u00e8me de la\u00e7age \u00e9lastique<\/strong> permet un enfilage facile et un ajustement personnalis\u00e9. <strong>Id\u00e9ales pour les personnes \u00e0 pieds sensibles<\/strong>, ces chaussures contribuent \u00e0 soulager les douleurs et \u00e0 pr\u00e9venir les probl\u00e8mes de posture.<\/p>\n<p data-sourcepos=\"21:1-21:36\"><strong>Les avantages en un coup d&#8217;\u0153il :<\/strong><\/p>\n<ul data-sourcepos=\"22:1-26:0\">\n<li data-sourcepos=\"22:1-22:80\"><strong>Confort optimal:<\/strong> Mat\u00e9riaux naturels, semelle amortissante, doublure douce.<\/li>\n<li data-sourcepos=\"23:1-23:59\"><strong>Facilit\u00e9 d&#8217;utilisation:<\/strong> Sans lacets, enfilage rapide.<\/li>\n<li data-sourcepos=\"24:1-24:55\"><strong>Durabilit\u00e9:<\/strong> Cuir de qualit\u00e9, r\u00e9sistant \u00e0 l&#8217;usure.<\/li>\n<li data-sourcepos=\"25:1-26:0\"><strong>Esth\u00e9tique:<\/strong> Design sobre et \u00e9l\u00e9gant.<\/li>\n<\/ul>\n<p data-sourcepos=\"27:1-27:51\"><strong>Offrez \u00e0 vos pieds le confort qu&#8217;ils m\u00e9ritent<\/strong><\/p>\n<p><strong>Type<\/strong> : Confort<br \/>\n<strong>Mati\u00e8re<\/strong> : Dessus et doublure 100% Cuir de veau grain\u00e9 souple<br \/>\n<strong>Semelle<\/strong> <strong>int\u00e9rieure<\/strong> :\u00a0 en cuir rembourr\u00e9e<br \/>\n<strong>Semelle<\/strong> <strong>ext\u00e9rieure<\/strong> : en <span style=\"font-size: 16px;\">EVA\u00a0 Tr\u00e8s l\u00e9g\u00e8re<\/span>\u00a0&#8211; Fabriqu\u00e9e en Turquie<br \/>\n<strong>Montage<\/strong> : soud\u00e9<br \/>\n<strong>Pays de fabrication<\/strong> : Maroc<\/p>","protected":false},"excerpt":{"rendered":"<p data-sourcepos=\"17:1-17:385\"><strong>Con\u00e7ues pour un confort in\u00e9gal\u00e9, ces chaussures <\/strong>\u00a0allient \u00e9l\u00e9gance et fonctionnalit\u00e9. Leur <strong>dessus en cuir de veau noir grain\u00e9 de premier choix<\/strong> offre une r\u00e9sistance exceptionnelle tout en assurant une souplesse incomparable.<\/p>\n<p data-sourcepos=\"17:1-17:385\">\u00c0 l&#8217;int\u00e9rieur, une <strong>doublure en cuir de veau tr\u00e8s souple<\/strong> et une <strong>premi\u00e8re de propret\u00e9 en cuir rembourr\u00e9e<\/strong> enveloppent d\u00e9licatement le pied.<\/p>\n<p data-sourcepos=\"19:1-19:331\">La <strong>semelle EVA ultra-l\u00e9g\u00e8re et amortissante<\/strong> absorbe les chocs et r\u00e9duit la fatigue, tandis que le <strong>syst\u00e8me de la\u00e7age \u00e9lastique<\/strong> permet un enfilage facile et un ajustement personnalis\u00e9.<\/p>\n<p data-sourcepos=\"19:1-19:331\"><strong>Id\u00e9ales pour les personnes \u00e0 pieds sensibles<\/strong>, ces chaussures contribuent \u00e0 soulager les douleurs et \u00e0 pr\u00e9venir les probl\u00e8mes de posture.<\/p>","protected":false},"featured_media":4635,"template":"","meta":{"_monsterinsights_skip_tracking":false,"_monsterinsights_sitenote_active":false,"_monsterinsights_sitenote_note":"","_monsterinsights_sitenote_category":0,"site-sidebar-layout":"default","site-content-layout":"","ast-site-content-layout":"default","site-content-style":"default","site-sidebar-style":"default","ast-global-header-display":"","ast-banner-title-visibility":"","ast-main-header-display":"","ast-hfb-above-header-display":"","ast-hfb-below-header-display":"","ast-hfb-mobile-header-display":"","site-post-title":"","ast-breadcrumbs-content":"","ast-featured-img":"","footer-sml-layout":"","theme-transparent-header-meta":"default","adv-header-id-meta":"","stick-header-meta":"","header-above-stick-meta":"","header-main-stick-meta":"","header-below-stick-meta":"","astra-migrate-meta-layouts":"set","ast-page-background-enabled":"default","ast-page-background-meta":{"desktop":{"background-color":"","background-image":"","background-repeat":"repeat","background-position":"center center","background-size":"auto","background-attachment":"scroll","background-type":"","background-media":"","overlay-type":"","overlay-color":"","overlay-opacity":"","overlay-gradient":""},"tablet":{"background-color":"","background-image":"","background-repeat":"repeat","background-position":"center center","background-size":"auto","background-attachment":"scroll","background-type":"","background-media":"","overlay-type":"","overlay-color":"","overlay-opacity":"","overlay-gradient":""},"mobile":{"background-color":"","background-image":"","background-repeat":"repeat","background-position":"center center","background-size":"auto","background-attachment":"scroll","background-type":"","background-media":"","overlay-type":"","overlay-color":"","overlay-opacity":"","overlay-gradient":""}},"ast-content-background-meta":{"desktop":{"background-color":"var(--ast-global-color-5)","background-image":"","background-repeat":"repeat","background-position":"center center","background-size":"auto","background-attachment":"scroll","background-type":"","background-media":"","overlay-type":"","overlay-color":"","overlay-opacity":"","overlay-gradient":""},"tablet":{"background-color":"var(--ast-global-color-5)","background-image":"","background-repeat":"repeat","background-position":"center center","background-size":"auto","background-attachment":"scroll","background-type":"","background-media":"","overlay-type":"","overlay-color":"","overlay-opacity":"","overlay-gradient":""},"mobile":{"background-color":"var(--ast-global-color-5)","background-image":"","background-repeat":"repeat","background-position":"center center","background-size":"auto","background-attachment":"scroll","background-type":"","background-media":"","overlay-type":"","overlay-color":"","overlay-opacity":"","overlay-gradient":""}}},"product_brand":[],"product_cat":[40,93,98],"product_tag":[107,81,96,108],"class_list":{"0":"post-4513","1":"product","2":"type-product","3":"status-publish","4":"has-post-thumbnail","6":"product_cat-clas","7":"product_cat-medicale","8":"product_cat-haut-de-gamme","9":"product_tag-classique","10":"product_tag-college","11":"product_tag-confort","12":"product_tag-medicales","13":"pa_point-50","14":"pa_point-51","15":"pa_point-52","16":"pa_point-53","17":"pa_point-54","18":"pa_point-55","19":"pa_point-56","20":"desktop-align-left","21":"tablet-align-left","22":"mobile-align-left","24":"first","25":"instock","26":"featured","27":"shipping-taxable","28":"purchasable","29":"product-type-variable"},"yoast_head":"<!-- This site is optimized with the Yoast SEO plugin v26.0 - https:\/\/yoast.com\/wordpress\/plugins\/seo\/ -->\n<title>Chaussures Confort en Cuir Noir (R\u00e9f RS 07) - TOSCANO SHOES<\/title>\n<meta name=\"description\" content=\"Chaussures Mocassins, type Coll\u00e8ge, fabriqu\u00e9es \u00e0 la main, dessus en cuir de vachette Marron lisse 1er choix\" \/>\n<meta name=\"robots\" content=\"index, follow, max-snippet:-1, max-image-preview:large, max-video-preview:-1\" \/>\n<link rel=\"canonical\" href=\"https:\/\/toscano.ma\/fr\/produit\/chaussures-type-medicales-en-cuir-noir-ref-rs-07\/\" \/>\n<meta property=\"og:locale\" content=\"fr_FR\" \/>\n<meta property=\"og:type\" content=\"article\" \/>\n<meta property=\"og:title\" content=\"Chaussures Confort en Cuir Noir (R\u00e9f RS 07) - TOSCANO SHOES\" \/>\n<meta property=\"og:description\" content=\"Chaussures Mocassins, type Coll\u00e8ge, fabriqu\u00e9es \u00e0 la main, dessus en cuir de vachette Marron lisse 1er choix\" \/>\n<meta property=\"og:url\" content=\"https:\/\/toscano.ma\/fr\/produit\/chaussures-type-medicales-en-cuir-noir-ref-rs-07\/\" \/>\n<meta property=\"og:site_name\" content=\"TOSCANO SHOES\" \/>\n<meta property=\"article:modified_time\" content=\"2025-07-28T17:31:59+00:00\" \/>\n<meta property=\"og:image\" content=\"https:\/\/toscano.ma\/wp-content\/uploads\/2025\/01\/confort-noir-2.webp\" \/>\n\t<meta property=\"og:image:width\" content=\"1200\" \/>\n\t<meta property=\"og:image:height\" content=\"1200\" \/>\n\t<meta property=\"og:image:type\" content=\"image\/webp\" \/>\n<meta name=\"twitter:card\" content=\"summary_large_image\" \/>\n<meta name=\"twitter:label1\" content=\"Dur\u00e9e de lecture estim\u00e9e\" \/>\n\t<meta name=\"twitter:data1\" content=\"1 minute\" \/>\n<script type=\"application\/ld+json\" class=\"yoast-schema-graph\">{\"@context\":\"https:\/\/schema.org\",\"@graph\":[{\"@type\":\"WebPage\",\"@id\":\"https:\/\/toscano.ma\/product\/chaussures-type-medicales-en-cuir-noir-ref-rs-07\/\",\"url\":\"https:\/\/toscano.ma\/product\/chaussures-type-medicales-en-cuir-noir-ref-rs-07\/\",\"name\":\"Chaussures Confort en Cuir Noir (R\u00e9f RS 07) - TOSCANO SHOES\",\"isPartOf\":{\"@id\":\"https:\/\/toscano.ma\/#website\"},\"primaryImageOfPage\":{\"@id\":\"https:\/\/toscano.ma\/product\/chaussures-type-medicales-en-cuir-noir-ref-rs-07\/#primaryimage\"},\"image\":{\"@id\":\"https:\/\/toscano.ma\/product\/chaussures-type-medicales-en-cuir-noir-ref-rs-07\/#primaryimage\"},\"thumbnailUrl\":\"https:\/\/toscano.ma\/wp-content\/uploads\/2025\/01\/confort-noir-2.webp\",\"datePublished\":\"2025-01-02T00:52:55+00:00\",\"dateModified\":\"2025-07-28T17:31:59+00:00\",\"description\":\"Chaussures Mocassins, type Coll\u00e8ge, fabriqu\u00e9es \u00e0 la main, dessus en cuir de vachette Marron lisse 1er choix\",\"breadcrumb\":{\"@id\":\"https:\/\/toscano.ma\/product\/chaussures-type-medicales-en-cuir-noir-ref-rs-07\/#breadcrumb\"},\"inLanguage\":\"fr-FR\",\"potentialAction\":[{\"@type\":\"ReadAction\",\"target\":[\"https:\/\/toscano.ma\/product\/chaussures-type-medicales-en-cuir-noir-ref-rs-07\/\"]}]},{\"@type\":\"ImageObject\",\"inLanguage\":\"fr-FR\",\"@id\":\"https:\/\/toscano.ma\/product\/chaussures-type-medicales-en-cuir-noir-ref-rs-07\/#primaryimage\",\"url\":\"https:\/\/toscano.ma\/wp-content\/uploads\/2025\/01\/confort-noir-2.webp\",\"contentUrl\":\"https:\/\/toscano.ma\/wp-content\/uploads\/2025\/01\/confort-noir-2.webp\",\"width\":1200,\"height\":1200,\"caption\":\"chaussures confort\"},{\"@type\":\"BreadcrumbList\",\"@id\":\"https:\/\/toscano.ma\/product\/chaussures-type-medicales-en-cuir-noir-ref-rs-07\/#breadcrumb\",\"itemListElement\":[{\"@type\":\"ListItem\",\"position\":1,\"name\":\"Home\",\"item\":\"https:\/\/toscano.ma\/\"},{\"@type\":\"ListItem\",\"position\":2,\"name\":\"Shop\",\"item\":\"https:\/\/toscano.ma\/shop\/\"},{\"@type\":\"ListItem\",\"position\":3,\"name\":\"Chaussures Confort en Cuir Noir (R\u00e9f RS 07)\"}]},{\"@type\":\"WebSite\",\"@id\":\"https:\/\/toscano.ma\/#website\",\"url\":\"https:\/\/toscano.ma\/\",\"name\":\"TOSCANO SHOES\",\"description\":\"Just another Fashion Designer Template\",\"publisher\":{\"@id\":\"https:\/\/toscano.ma\/#organization\"},\"potentialAction\":[{\"@type\":\"SearchAction\",\"target\":{\"@type\":\"EntryPoint\",\"urlTemplate\":\"https:\/\/toscano.ma\/?s={search_term_string}\"},\"query-input\":{\"@type\":\"PropertyValueSpecification\",\"valueRequired\":true,\"valueName\":\"search_term_string\"}}],\"inLanguage\":\"fr-FR\"},{\"@type\":\"Organization\",\"@id\":\"https:\/\/toscano.ma\/#organization\",\"name\":\"TOSCANO SHOES\",\"url\":\"https:\/\/toscano.ma\/\",\"logo\":{\"@type\":\"ImageObject\",\"inLanguage\":\"fr-FR\",\"@id\":\"https:\/\/toscano.ma\/#\/schema\/logo\/image\/\",\"url\":\"https:\/\/toscano.ma\/wp-content\/uploads\/2024\/10\/cropped-LOGO-NOIR-SANS-FOND.png\",\"contentUrl\":\"https:\/\/toscano.ma\/wp-content\/uploads\/2024\/10\/cropped-LOGO-NOIR-SANS-FOND.png\",\"width\":353,\"height\":118,\"caption\":\"TOSCANO SHOES\"},\"image\":{\"@id\":\"https:\/\/toscano.ma\/#\/schema\/logo\/image\/\"}}]}<\/script>\n<!-- \/ Yoast SEO plugin. -->","yoast_head_json":{"title":"Chaussures Confort en Cuir Noir (R\u00e9f RS 07) - TOSCANO SHOES","description":"Chaussures Mocassins, type Coll\u00e8ge, fabriqu\u00e9es \u00e0 la main, dessus en cuir de vachette Marron lisse 1er choix","robots":{"index":"index","follow":"follow","max-snippet":"max-snippet:-1","max-image-preview":"max-image-preview:large","max-video-preview":"max-video-preview:-1"},"canonical":"https:\/\/toscano.ma\/fr\/produit\/chaussures-type-medicales-en-cuir-noir-ref-rs-07\/","og_locale":"fr_FR","og_type":"article","og_title":"Chaussures Confort en Cuir Noir (R\u00e9f RS 07) - TOSCANO SHOES","og_description":"Chaussures Mocassins, type Coll\u00e8ge, fabriqu\u00e9es \u00e0 la main, dessus en cuir de vachette Marron lisse 1er choix","og_url":"https:\/\/toscano.ma\/fr\/produit\/chaussures-type-medicales-en-cuir-noir-ref-rs-07\/","og_site_name":"TOSCANO SHOES","article_modified_time":"2025-07-28T17:31:59+00:00","og_image":[{"width":1200,"height":1200,"url":"https:\/\/toscano.ma\/wp-content\/uploads\/2025\/01\/confort-noir-2.webp","type":"image\/webp"}],"twitter_card":"summary_large_image","twitter_misc":{"Dur\u00e9e de lecture estim\u00e9e":"1 minute"},"schema":{"@context":"https:\/\/schema.org","@graph":[{"@type":"WebPage","@id":"https:\/\/toscano.ma\/product\/chaussures-type-medicales-en-cuir-noir-ref-rs-07\/","url":"https:\/\/toscano.ma\/product\/chaussures-type-medicales-en-cuir-noir-ref-rs-07\/","name":"Chaussures Confort en Cuir Noir (R\u00e9f RS 07) - TOSCANO SHOES","isPartOf":{"@id":"https:\/\/toscano.ma\/#website"},"primaryImageOfPage":{"@id":"https:\/\/toscano.ma\/product\/chaussures-type-medicales-en-cuir-noir-ref-rs-07\/#primaryimage"},"image":{"@id":"https:\/\/toscano.ma\/product\/chaussures-type-medicales-en-cuir-noir-ref-rs-07\/#primaryimage"},"thumbnailUrl":"https:\/\/toscano.ma\/wp-content\/uploads\/2025\/01\/confort-noir-2.webp","datePublished":"2025-01-02T00:52:55+00:00","dateModified":"2025-07-28T17:31:59+00:00","description":"Chaussures Mocassins, type Coll\u00e8ge, fabriqu\u00e9es \u00e0 la main, dessus en cuir de vachette Marron lisse 1er choix","breadcrumb":{"@id":"https:\/\/toscano.ma\/product\/chaussures-type-medicales-en-cuir-noir-ref-rs-07\/#breadcrumb"},"inLanguage":"fr-FR","potentialAction":[{"@type":"ReadAction","target":["https:\/\/toscano.ma\/product\/chaussures-type-medicales-en-cuir-noir-ref-rs-07\/"]}]},{"@type":"ImageObject","inLanguage":"fr-FR","@id":"https:\/\/toscano.ma\/product\/chaussures-type-medicales-en-cuir-noir-ref-rs-07\/#primaryimage","url":"https:\/\/toscano.ma\/wp-content\/uploads\/2025\/01\/confort-noir-2.webp","contentUrl":"https:\/\/toscano.ma\/wp-content\/uploads\/2025\/01\/confort-noir-2.webp","width":1200,"height":1200,"caption":"chaussures confort"},{"@type":"BreadcrumbList","@id":"https:\/\/toscano.ma\/product\/chaussures-type-medicales-en-cuir-noir-ref-rs-07\/#breadcrumb","itemListElement":[{"@type":"ListItem","position":1,"name":"Home","item":"https:\/\/toscano.ma\/"},{"@type":"ListItem","position":2,"name":"Shop","item":"https:\/\/toscano.ma\/shop\/"},{"@type":"ListItem","position":3,"name":"Chaussures Confort en Cuir Noir (R\u00e9f RS 07)"}]},{"@type":"WebSite","@id":"https:\/\/toscano.ma\/#website","url":"https:\/\/toscano.ma\/","name":"TOSCANO SHOES","description":"Just another Fashion Designer Template","publisher":{"@id":"https:\/\/toscano.ma\/#organization"},"potentialAction":[{"@type":"SearchAction","target":{"@type":"EntryPoint","urlTemplate":"https:\/\/toscano.ma\/?s={search_term_string}"},"query-input":{"@type":"PropertyValueSpecification","valueRequired":true,"valueName":"search_term_string"}}],"inLanguage":"fr-FR"},{"@type":"Organization","@id":"https:\/\/toscano.ma\/#organization","name":"TOSCANO SHOES","url":"https:\/\/toscano.ma\/","logo":{"@type":"ImageObject","inLanguage":"fr-FR","@id":"https:\/\/toscano.ma\/#\/schema\/logo\/image\/","url":"https:\/\/toscano.ma\/wp-content\/uploads\/2024\/10\/cropped-LOGO-NOIR-SANS-FOND.png","contentUrl":"https:\/\/toscano.ma\/wp-content\/uploads\/2024\/10\/cropped-LOGO-NOIR-SANS-FOND.png","width":353,"height":118,"caption":"TOSCANO SHOES"},"image":{"@id":"https:\/\/toscano.ma\/#\/schema\/logo\/image\/"}}]}},"_links":{"self":[{"href":"https:\/\/toscano.ma\/fr\/wp-json\/wp\/v2\/product\/4513","targetHints":{"allow":["GET"]}}],"collection":[{"href":"https:\/\/toscano.ma\/fr\/wp-json\/wp\/v2\/product"}],"about":[{"href":"https:\/\/toscano.ma\/fr\/wp-json\/wp\/v2\/types\/product"}],"version-history":[{"count":6,"href":"https:\/\/toscano.ma\/fr\/wp-json\/wp\/v2\/product\/4513\/revisions"}],"predecessor-version":[{"id":4638,"href":"https:\/\/toscano.ma\/fr\/wp-json\/wp\/v2\/product\/4513\/revisions\/4638"}],"wp:featuredmedia":[{"embeddable":true,"href":"https:\/\/toscano.ma\/fr\/wp-json\/wp\/v2\/media\/4635"}],"wp:attachment":[{"href":"https:\/\/toscano.ma\/fr\/wp-json\/wp\/v2\/media?parent=4513"}],"wp:term":[{"taxonomy":"product_brand","embeddable":true,"href":"https:\/\/toscano.ma\/fr\/wp-json\/wp\/v2\/product_brand?post=4513"},{"taxonomy":"product_cat","embeddable":true,"href":"https:\/\/toscano.ma\/fr\/wp-json\/wp\/v2\/product_cat?post=4513"},{"taxonomy":"product_tag","embeddable":true,"href":"https:\/\/toscano.ma\/fr\/wp-json\/wp\/v2\/product_tag?post=4513"}],"curies":[{"name":"wp","href":"https:\/\/api.w.org\/{rel}","templated":true}]}}